{"id":2874,"date":"2013-07-04T09:07:34","date_gmt":"2013-07-04T07:07:34","guid":{"rendered":"http:\/\/portal.dmkfutures.pl\/?page_id=2874"},"modified":"2018-12-03T12:36:23","modified_gmt":"2018-12-03T11:36:23","slug":"historia-wpisow-2","status":"publish","type":"page","link":"https:\/\/portal.dmkfutures.pl\/?page_id=2874","title":{"rendered":"Raporty"},"content":{"rendered":"<div class=\"info-box info-box-alert\"><div class=\"icon\">Uwaga: Bie\u017c\u0105ce raporty dost\u0119pne tylko dla zalogowanych u\u017cytkownik\u00f3w<\/div><\/div>\n<h2><a href=\"http:\/\/portal.dmkfutures.pl\/?cat=10\">Dzienne\u00a0<\/a><\/h2>\n<h2><a href=\"http:\/\/portal.dmkfutures.pl\/?cat=11\">Tygodniowe<\/a><\/h2>\n<h2><a href=\"https:\/\/portal.dmkfutures.pl\/?cat=17\">Webinary<\/a><\/h2>\n","protected":false},"excerpt":{"rendered":"Dzienne\u00a0 Tygodniowe Webinary","protected":false},"author":7,"featured_media":0,"parent":0,"menu_order":0,"comment_status":"closed","ping_status":"open","template":"","meta":{"footnotes":""},"class_list":["post-2874","page","type-page","status-publish","hentry"],"_links":{"self":[{"href":"https:\/\/portal.dmkfutures.pl\/index.php?rest_route=\/wp\/v2\/pages\/2874","targetHints":{"allow":["GET"]}}],"collection":[{"href":"https:\/\/portal.dmkfutures.pl\/index.php?rest_route=\/wp\/v2\/pages"}],"about":[{"href":"https:\/\/portal.dmkfutures.pl\/index.php?rest_route=\/wp\/v2\/types\/page"}],"author":[{"embeddable":true,"href":"https:\/\/portal.dmkfutures.pl\/index.php?rest_route=\/wp\/v2\/users\/7"}],"replies":[{"embeddable":true,"href":"https:\/\/portal.dmkfutures.pl\/index.php?rest_route=%2Fwp%2Fv2%2Fcomments&post=2874"}],"version-history":[{"count":0,"href":"https:\/\/portal.dmkfutures.pl\/index.php?rest_route=\/wp\/v2\/pages\/2874\/revisions"}],"wp:attachment":[{"href":"https:\/\/portal.dmkfutures.pl\/index.php?rest_route=%2Fwp%2Fv2%2Fmedia&parent=2874"}],"curies":[{"name":"wp","href":"https:\/\/api.w.org\/{rel}","templated":true}]}}