{"id":5784,"date":"2014-04-17T10:39:40","date_gmt":"2014-04-17T08:39:40","guid":{"rendered":"http:\/\/portal.dmkfutures.pl\/?page_id=5784"},"modified":"2017-04-05T11:30:06","modified_gmt":"2017-04-05T09:30:06","slug":"repozytor","status":"publish","type":"page","link":"https:\/\/portal.dmkfutures.pl\/?page_id=5784","title":{"rendered":"Repozytor"},"content":{"rendered":"<p><center><\/center><center><\/center><center><strong>Make your spreadsheets come to life.<\/strong><\/center><center>&#8212;&#8212;<\/center><\/p>\n<p style=\"text-align: center;\">Repozytor jest wielozadaniowym narz\u0119dziem umo\u017cliwiaj\u0105cym klientom:<br \/>\n1) Otrzymywanie cen rynkowych w czasie rzeczywistym<br \/>\n2) Wycen\u0119 i monitorowanie z\u0142o\u017conych strategii zabezpieczaj\u0105cych i spekulacyjnych<br \/>\n3) Globalne zarz\u0105dzanie portfelem<\/p>\n<p><center><\/center><center>&#8212;&#8212;&#8211;<\/center><center>Po\u0142\u0105czenie elastyczno\u015bci dodatku dla arkusza kalkulacyjnego oraz zaawansowania silnika generuj\u0105cego ceny stworzonego przez DMK, zapewnia klientom mo\u017cliwo\u015b\u0107 otrzymywania dwustronnych kwotowa\u0144 bezpo\u015brednio do najpopularniejszego narz\u0119dzia obliczeniowego \u2013 aplikacji Excel. Zasilany danymi z silnika obliczeniowego DMK Repozytor pozwala naszym klientom na wykonywanie takich zada\u0144 jak zarz\u0105dzanie pozycj\u0105, analiza ryzyka, wycena instrument\u00f3w pochodnych, symulacje zmian warto\u015bci portfela oraz zarz\u0105dzanie pozycj\u0105 w czasie rzeczywistym. By pozna\u0107 cz\u0119\u015b\u0107 z jego mo\u017cliwo\u015bci zach\u0119camy do obejrzenia filmu demonstracyjnego poni\u017cej.<\/center><center>&#8212;&#8212;&#8211;<\/center><center><\/center><center><\/center><center><\/center><center><iframe loading=\"lazy\" class=\"tscplayer_inline\" src=\"\/filmy\/pl\/repozytor_player.html\" name=\"tsc_player\" width=\"500\" height=\"300\" frameborder=\"0\" scrolling=\"no\" allowfullscreen=\"allowfullscreen\"><\/iframe><\/center>Zainteresowanych prosimy o <a href=\"http:\/\/portal.dmkfutures.pl\/?page_id=1044\" target=\"_blank\">kontakt<\/a>.<\/p>\n","protected":false},"excerpt":{"rendered":"Make your spreadsheets come to life.&#8212;&#8212; Repozytor jest wielozadaniowym narz\u0119dziem umo\u017cliwiaj\u0105cym klientom: 1) Otrzymywanie cen rynkowych w czasie rzeczywistym 2) Wycen\u0119 i monitorowanie z\u0142o\u017conych strategii zabezpieczaj\u0105cych i spekulacyjnych 3) Globalne zarz\u0105dzanie portfelem &#8212;&#8212;&#8211;Po\u0142\u0105czenie elastyczno\u015bci dodatku dla arkusza kalkulacyjnego oraz zaawansowania silnika generuj\u0105cego ceny stworzonego przez DMK, zapewnia klientom mo\u017cliwo\u015b\u0107 otrzymywania dwustronnych kwotowa\u0144 bezpo\u015brednio do najpopularniejszego [&hellip;]","protected":false},"author":7,"featured_media":0,"parent":0,"menu_order":0,"comment_status":"closed","ping_status":"open","template":"","meta":{"footnotes":""},"class_list":["post-5784","page","type-page","status-publish","hentry"],"_links":{"self":[{"href":"https:\/\/portal.dmkfutures.pl\/index.php?rest_route=\/wp\/v2\/pages\/5784","targetHints":{"allow":["GET"]}}],"collection":[{"href":"https:\/\/portal.dmkfutures.pl\/index.php?rest_route=\/wp\/v2\/pages"}],"about":[{"href":"https:\/\/portal.dmkfutures.pl\/index.php?rest_route=\/wp\/v2\/types\/page"}],"author":[{"embeddable":true,"href":"https:\/\/portal.dmkfutures.pl\/index.php?rest_route=\/wp\/v2\/users\/7"}],"replies":[{"embeddable":true,"href":"https:\/\/portal.dmkfutures.pl\/index.php?rest_route=%2Fwp%2Fv2%2Fcomments&post=5784"}],"version-history":[{"count":0,"href":"https:\/\/portal.dmkfutures.pl\/index.php?rest_route=\/wp\/v2\/pages\/5784\/revisions"}],"wp:attachment":[{"href":"https:\/\/portal.dmkfutures.pl\/index.php?rest_route=%2Fwp%2Fv2%2Fmedia&parent=5784"}],"curies":[{"name":"wp","href":"https:\/\/api.w.org\/{rel}","templated":true}]}}