{"id":6036,"date":"2014-05-13T10:54:59","date_gmt":"2014-05-13T08:54:59","guid":{"rendered":"http:\/\/portal.dmkfutures.pl\/?page_id=6036"},"modified":"2016-04-01T11:57:12","modified_gmt":"2016-04-01T09:57:12","slug":"acemarketu","status":"publish","type":"page","link":"https:\/\/portal.dmkfutures.pl\/?page_id=6036","title":{"rendered":"AceMarketU"},"content":{"rendered":"<p>AceMarketU.com to serwis dostarczaj\u0105cy kr\u00f3tkie i zwi\u0119z\u0142e komentarze dotycz\u0105ce tego co aktualnie dzieje si\u0119 na rynku walutowym, rynku akcji, rynku obligacji i rynku towar\u00f3w. Komentarze i wpisy s\u0105 bardzo cz\u0119sto okraszone wykresami, kt\u00f3re m\u00f3wi\u0105 wi\u0119cej ni\u017c tysi\u0105c s\u0142\u00f3w. Codziennie w godzinach od 7.00 do 22.00 solidna porcja wiedzy pomaga by\u0107 bli\u017cej rynku i na bie\u017c\u0105co wiedzie\u0107 o czym m\u00f3wi\u0105 inwestorzy.<\/p>\n<p><a href=\"http:\/\/acemarketu.com\">Link do AceMarketU<\/a><\/p>\n","protected":false},"excerpt":{"rendered":"AceMarketU.com to serwis dostarczaj\u0105cy kr\u00f3tkie i zwi\u0119z\u0142e komentarze dotycz\u0105ce tego co aktualnie dzieje si\u0119 na rynku walutowym, rynku akcji, rynku obligacji i rynku towar\u00f3w. Komentarze i wpisy s\u0105 bardzo cz\u0119sto okraszone wykresami, kt\u00f3re m\u00f3wi\u0105 wi\u0119cej ni\u017c tysi\u0105c s\u0142\u00f3w. Codziennie w godzinach od 7.00 do 22.00 solidna porcja wiedzy pomaga by\u0107 bli\u017cej rynku i na bie\u017c\u0105co [&hellip;]","protected":false},"author":7,"featured_media":0,"parent":0,"menu_order":0,"comment_status":"closed","ping_status":"open","template":"","meta":{"footnotes":""},"class_list":["post-6036","page","type-page","status-publish","hentry"],"_links":{"self":[{"href":"https:\/\/portal.dmkfutures.pl\/index.php?rest_route=\/wp\/v2\/pages\/6036","targetHints":{"allow":["GET"]}}],"collection":[{"href":"https:\/\/portal.dmkfutures.pl\/index.php?rest_route=\/wp\/v2\/pages"}],"about":[{"href":"https:\/\/portal.dmkfutures.pl\/index.php?rest_route=\/wp\/v2\/types\/page"}],"author":[{"embeddable":true,"href":"https:\/\/portal.dmkfutures.pl\/index.php?rest_route=\/wp\/v2\/users\/7"}],"replies":[{"embeddable":true,"href":"https:\/\/portal.dmkfutures.pl\/index.php?rest_route=%2Fwp%2Fv2%2Fcomments&post=6036"}],"version-history":[{"count":0,"href":"https:\/\/portal.dmkfutures.pl\/index.php?rest_route=\/wp\/v2\/pages\/6036\/revisions"}],"wp:attachment":[{"href":"https:\/\/portal.dmkfutures.pl\/index.php?rest_route=%2Fwp%2Fv2%2Fmedia&parent=6036"}],"curies":[{"name":"wp","href":"https:\/\/api.w.org\/{rel}","templated":true}]}}