{"id":7837,"date":"2015-03-17T14:59:51","date_gmt":"2015-03-17T13:59:51","guid":{"rendered":"http:\/\/portal.dmkfutures.pl\/?page_id=7837"},"modified":"2017-04-05T11:38:54","modified_gmt":"2017-04-05T09:38:54","slug":"przewodnik","status":"publish","type":"page","link":"https:\/\/portal.dmkfutures.pl\/?page_id=7837","title":{"rendered":"Przewodnik"},"content":{"rendered":"<p><strong>Szanowni U\u017cytkownicy!<\/strong><\/p>\n<p>Sugestie naszych obecnych klient\u00f3w sprawi\u0142y \u017ce <strong>nasz serwis<\/strong> nieco si\u0119 zmieni\u0142, tak aby umo\u017cliwi\u0107 pe\u0142ne i efektywne <strong>zarz\u0105dzanie ryzykiem walutowym. <\/strong><\/p>\n<p>Nowy interfejs gwarantuje prost\u0105 obs\u0142ug\u0119, oraz intuicyjny dost\u0119p do <strong>najwa\u017cniejszych danych!<\/strong><\/p>\n<p><a href=\"http:\/\/portal.dmkfutures.pl\/wp-content\/uploads\/2015\/03\/home-portal.jpg\"><img loading=\"lazy\" decoding=\"async\" class=\"alignnone size-medium wp-image-7724\" src=\"http:\/\/portal.dmkfutures.pl\/wp-content\/uploads\/2015\/03\/home-portal-300x225.jpg\" alt=\"home - portal\" width=\"300\" height=\"225\" srcset=\"https:\/\/portal.dmkfutures.pl\/wp-content\/uploads\/2015\/03\/home-portal-300x225.jpg 300w, https:\/\/portal.dmkfutures.pl\/wp-content\/uploads\/2015\/03\/home-portal-1024x769.jpg 1024w, https:\/\/portal.dmkfutures.pl\/wp-content\/uploads\/2015\/03\/home-portal-940x706.jpg 940w, https:\/\/portal.dmkfutures.pl\/wp-content\/uploads\/2015\/03\/home-portal-620x465.jpg 620w, https:\/\/portal.dmkfutures.pl\/wp-content\/uploads\/2015\/03\/home-portal-195x146.jpg 195w, https:\/\/portal.dmkfutures.pl\/wp-content\/uploads\/2015\/03\/home-portal.jpg 1091w\" sizes=\"auto, (max-width: 300px) 100vw, 300px\" \/><\/a><\/p>\n<p>W dalszej cz\u0119\u015bci tego opracowania znajdziecie Pa\u0144stwo informacje o najwa\u017cniejszych funkcjach naszego portalu. Mam nadzieje, \u017ce to opracowanie oka\u017ce si\u0119 Pa\u0144stwu pomocne.<\/p>\n<p><strong><em>PORTAL DMK<\/em><\/strong> daje mo\u017cliwo\u015b\u0107 sprawdzenia aktualnych \u2013 rynkowych cen waluty! Wystarczy klikn\u0105\u0107 na przycisk <strong><em>NOTOWANIA<\/em><\/strong>.<\/p>\n<p>Tabela pokazuje informacje o kursach spot, oraz o kursach kontrakt\u00f3w futures notowanych na <em>Warszawskiej Gie\u0142dzie Towarowej<\/em>. Kontrakty futures <em>WGT<\/em> wygasaj\u0105 cztery razy w roku, zawsze w trzeci\u0105 \u015brod\u0119 miesi\u0105ca ko\u0144cz\u0105cego kwarta\u0142 (marzec, czerwiec, wrzesie\u0144, oraz grudzie\u0144).<\/p>\n<p><a href=\"http:\/\/portal.dmkfutures.pl\/wp-content\/uploads\/2015\/03\/nototwania-portal.jpg\"><img loading=\"lazy\" decoding=\"async\" class=\"alignnone size-medium wp-image-7725\" src=\"http:\/\/portal.dmkfutures.pl\/wp-content\/uploads\/2015\/03\/nototwania-portal-300x199.jpg\" alt=\"nototwania - portal\" width=\"300\" height=\"199\" srcset=\"https:\/\/portal.dmkfutures.pl\/wp-content\/uploads\/2015\/03\/nototwania-portal-300x199.jpg 300w, https:\/\/portal.dmkfutures.pl\/wp-content\/uploads\/2015\/03\/nototwania-portal-1024x680.jpg 1024w, https:\/\/portal.dmkfutures.pl\/wp-content\/uploads\/2015\/03\/nototwania-portal-940x624.jpg 940w, https:\/\/portal.dmkfutures.pl\/wp-content\/uploads\/2015\/03\/nototwania-portal-620x412.jpg 620w, https:\/\/portal.dmkfutures.pl\/wp-content\/uploads\/2015\/03\/nototwania-portal-195x129.jpg 195w, https:\/\/portal.dmkfutures.pl\/wp-content\/uploads\/2015\/03\/nototwania-portal.jpg 1092w\" sizes=\"auto, (max-width: 300px) 100vw, 300px\" \/><\/a><\/p>\n<p>Nast\u0119pnie swoj\u0105 uwag\u0119 nale\u017cy zwr\u00f3ci\u0107 na mo\u017cliwo\u015b\u0107 <strong><em>WYCENY LOKAT DWU-WALUTOWYCH<\/em><\/strong>, przycisk ten pojawi si\u0119 po najechaniu na przycisk <strong><em>NOTOWANIA<\/em><\/strong>.<\/p>\n<p>P\u00f3\u017aniej wystarczy zaznaczy\u0107 jaki profil ma firma i wpisa\u0107 interesuj\u0105c\u0105 nas kwot\u0119. Tabela poka\u017ce rynkowe oprocentowanie, dla poszczeg\u00f3lnych kurs\u00f3w i czasu trwania lokaty.<\/p>\n<p>Wszystkie wyceny na portalu DMK w tym oprocentowanie lokaty dwuwalutowej s\u0105 pozbawione jakichkolwiek mar\u017c, dlatego niczym zaskakuj\u0105cym b\u0119dzie fakt, i\u017c produkt ten w banku b\u0119dzie wyceniany nico gorzej.<\/p>\n<p><strong><em>\u00a0<a href=\"http:\/\/portal.dmkfutures.pl\/wp-content\/uploads\/2015\/03\/lokata-dwuwalutowa-portal.jpg\"><img loading=\"lazy\" decoding=\"async\" class=\"alignnone size-medium wp-image-7726\" src=\"http:\/\/portal.dmkfutures.pl\/wp-content\/uploads\/2015\/03\/lokata-dwuwalutowa-portal-300x248.jpg\" alt=\"lokata dwuwalutowa - portal\" width=\"300\" height=\"248\" srcset=\"https:\/\/portal.dmkfutures.pl\/wp-content\/uploads\/2015\/03\/lokata-dwuwalutowa-portal-300x248.jpg 300w, https:\/\/portal.dmkfutures.pl\/wp-content\/uploads\/2015\/03\/lokata-dwuwalutowa-portal-1024x849.jpg 1024w, https:\/\/portal.dmkfutures.pl\/wp-content\/uploads\/2015\/03\/lokata-dwuwalutowa-portal-940x779.jpg 940w, https:\/\/portal.dmkfutures.pl\/wp-content\/uploads\/2015\/03\/lokata-dwuwalutowa-portal-620x514.jpg 620w, https:\/\/portal.dmkfutures.pl\/wp-content\/uploads\/2015\/03\/lokata-dwuwalutowa-portal-195x161.jpg 195w, https:\/\/portal.dmkfutures.pl\/wp-content\/uploads\/2015\/03\/lokata-dwuwalutowa-portal.jpg 1090w\" sizes=\"auto, (max-width: 300px) 100vw, 300px\" \/><\/a><\/em><\/strong><\/p>\n<p>Ze wzgl\u0119du na niewielk\u0105 popularno\u015b\u0107 tego rozwi\u0105zania, mo\u017ce okaza\u0107 si\u0119, \u017ce Pa\u0144stwo nie wiecie dlaczego oprocentowanie tej lokaty jest obecnie tak wysokie. W takim wypadku zapraszamy do kontaktu. Je\u017celi natomiast ten produkt jest znany, to zach\u0119camy do por\u00f3wnania cen (rynkowych, czyli z tabelki z bankowymi), negocjacji stawek i finalnie korzystania z tego rozwi\u0105zania, poniewa\u017c jest to kapitalny produkt pozwalaj\u0105cy dodatkowo zarobi\u0107 na wymianie waluty.<\/p>\n<p>Nast\u0119pnie polecamy zapoznanie si\u0119 z naszymi autorsko wyliczanymi:<\/p>\n<p><strong><em>STRATEGI\u0104 DZIENN\u0104<\/em><\/strong>, oraz <strong><em>STRATEGI\u0104 TYGODNIOW\u0104<\/em><\/strong>.<\/p>\n<p>Dzia\u0142 ten podpowie Pa\u0144stwu zakres kurs\u00f3w walut, kt\u00f3rych mo\u017cemy spodziewa\u0107 si\u0119 w danym dniu (w\u00a0przypadku <em>STRATEGII DZIENNEJ<\/em>), oraz w danym tygodniu (w przypadku <em>STRATEGII TYGODNIOWEJ<\/em>).<\/p>\n<p>Tabelk\u0119 z tymi danymi znajdziemy naje\u017cd\u017caj\u0105c na przycisk <strong><em>NOTOWANIA<\/em><\/strong>, a nast\u0119pnie na zak\u0142adk\u0119 <strong><em>STRATEGIE<\/em><\/strong> (jak na obrazkach poni\u017cej).<\/p>\n<p><a href=\"http:\/\/portal.dmkfutures.pl\/wp-content\/uploads\/2015\/03\/strategia-dzienna-portal1.jpg\"><img loading=\"lazy\" decoding=\"async\" class=\"alignnone size-medium wp-image-7755\" src=\"http:\/\/portal.dmkfutures.pl\/wp-content\/uploads\/2015\/03\/strategia-dzienna-portal1-300x169.jpg\" alt=\"strategia dzienna - portal\" width=\"300\" height=\"169\" srcset=\"https:\/\/portal.dmkfutures.pl\/wp-content\/uploads\/2015\/03\/strategia-dzienna-portal1-300x169.jpg 300w, https:\/\/portal.dmkfutures.pl\/wp-content\/uploads\/2015\/03\/strategia-dzienna-portal1-620x349.jpg 620w, https:\/\/portal.dmkfutures.pl\/wp-content\/uploads\/2015\/03\/strategia-dzienna-portal1-195x110.jpg 195w, https:\/\/portal.dmkfutures.pl\/wp-content\/uploads\/2015\/03\/strategia-dzienna-portal1.jpg 725w\" sizes=\"auto, (max-width: 300px) 100vw, 300px\" \/><\/a> <a href=\"http:\/\/portal.dmkfutures.pl\/wp-content\/uploads\/2015\/03\/strategia-tygodniowa-portal.jpg\"><img loading=\"lazy\" decoding=\"async\" class=\"alignnone size-medium wp-image-7756\" src=\"http:\/\/portal.dmkfutures.pl\/wp-content\/uploads\/2015\/03\/strategia-tygodniowa-portal-300x169.jpg\" alt=\"strategia tygodniowa - portal\" width=\"300\" height=\"169\" srcset=\"https:\/\/portal.dmkfutures.pl\/wp-content\/uploads\/2015\/03\/strategia-tygodniowa-portal-300x169.jpg 300w, https:\/\/portal.dmkfutures.pl\/wp-content\/uploads\/2015\/03\/strategia-tygodniowa-portal-620x349.jpg 620w, https:\/\/portal.dmkfutures.pl\/wp-content\/uploads\/2015\/03\/strategia-tygodniowa-portal-195x110.jpg 195w, https:\/\/portal.dmkfutures.pl\/wp-content\/uploads\/2015\/03\/strategia-tygodniowa-portal.jpg 723w\" sizes=\"auto, (max-width: 300px) 100vw, 300px\" \/><\/a><\/p>\n<p>Obliczenia tych warto\u015bci opieraj\u0105 si\u0119 na sprawdzaniu zale\u017cno\u015bci matematycznych pomi\u0119dzy wskazaniami kierunku trendu na poszczeg\u00f3lnych parach walutowych (WAT) a zmienno\u015bci\u0105 cen obecn\u0105 na rynku w danej chwili.<\/p>\n<p>Nast\u0119pnie polecamy zapozna\u0107 si\u0119 z dzia\u0142em <strong><em>RAPORTY<\/em><\/strong>. Znajduje si\u0119 tam ca\u0142a baza naszej pracy analitycznej, plus dodatkowo dost\u0119p do raport\u00f3w archiwalnych.<\/p>\n<p><a href=\"http:\/\/portal.dmkfutures.pl\/wp-content\/uploads\/2015\/03\/raporty-portal.jpg\"><img loading=\"lazy\" decoding=\"async\" class=\"alignnone size-medium wp-image-7728\" src=\"http:\/\/portal.dmkfutures.pl\/wp-content\/uploads\/2015\/03\/raporty-portal-300x168.jpg\" alt=\"raporty - portal\" width=\"300\" height=\"168\" srcset=\"https:\/\/portal.dmkfutures.pl\/wp-content\/uploads\/2015\/03\/raporty-portal-300x168.jpg 300w, https:\/\/portal.dmkfutures.pl\/wp-content\/uploads\/2015\/03\/raporty-portal-1024x574.jpg 1024w, https:\/\/portal.dmkfutures.pl\/wp-content\/uploads\/2015\/03\/raporty-portal-940x527.jpg 940w, https:\/\/portal.dmkfutures.pl\/wp-content\/uploads\/2015\/03\/raporty-portal-620x348.jpg 620w, https:\/\/portal.dmkfutures.pl\/wp-content\/uploads\/2015\/03\/raporty-portal-195x109.jpg 195w, https:\/\/portal.dmkfutures.pl\/wp-content\/uploads\/2015\/03\/raporty-portal.jpg 1099w\" sizes=\"auto, (max-width: 300px) 100vw, 300px\" \/><\/a><\/p>\n<p>Podmenu przycisku <strong><em>RAPORTY<\/em><\/strong> wygl\u0105da nast\u0119puj\u0105co:<\/p>\n<ul>\n<li><strong><em>DZIENNE<\/em><\/strong> &#8211; czyli codzienna praca analityczna, m\u00f3wi\u0105ca o najbli\u017cszych wydarzeniach makroekonomicznych, oraz daj\u0105ca prognozy kr\u00f3tkoterminowe &#8211; cz\u0119sto w po\u0142\u0105czeniu ze <strong><em>STRATEGI\u0104 DZIENN\u0104<\/em><\/strong>.<\/li>\n<li><strong><em>TYGODNIOWE<\/em><\/strong> &#8211; w poniedzia\u0142ek zawsze ukazuje si\u0119 publikacja technicznej analizy tygodniowej + najwa\u017cniejsze wydarzenia makroekonomiczne, kt\u00f3re p\u00f3\u017aniej rozwijane s\u0105 w <strong><em>RAPORTACH DZIENNYCH<\/em><\/strong>.<\/li>\n<li><strong><em>MIESI\u0118CZNE<\/em><\/strong> &#8211; w tym miejscu znale\u017a\u0107 mo\u017cna miesi\u0119czne przegl\u0105dy rynku walutowego, oraz st\u00f3p procentowych. S\u0105 to raporty \u0142\u0105cz\u0105ce analiz\u0119 techniczn\u0105 z analiz\u0105 fundamentaln\u0105, oraz obejmuj\u0105ce d\u0142u\u017cszy horyzont czasowy.<\/li>\n<li><strong><em>SPECJALNE<\/em><\/strong> &#8211; s\u0105 to opracowania G\u0142\u00f3wnego Ekonomisty DMK &#8211; Jacka Maliszewskiego o bardzo zr\u00f3\u017cnicowanej tematyce. Pocz\u0105wszy od raport\u00f3w edukacyjnych, opisuj\u0105cych najnowsze propozycje bank\u00f3w skierowane do naszych sta\u0142ych klient\u00f3w, poprzez raporty dotycz\u0105ce wa\u017cnych wydarze\u0144 rynkowych, a ko\u0144cz\u0105c na najbardziej cenionych przez naszych klient\u00f3w raport\u00f3w z zaleceniami dzia\u0142a\u0144 w aktualnej sytuacji rynkowej, czy raport\u00f3w opisuj\u0105cych najodpowiedniejsze w danym czasie strategie ubezpieczaj\u0105ce kurs wymiany walut.<\/li>\n<\/ul>\n<p>Kolejnym wa\u017cnym obszarem naszego portalu jest strefa wykres\u00f3w. Menu <strong><em>WYKRESY<\/em><\/strong> najbardziej spodoba si\u0119 tym z Pa\u0144stwa, kt\u00f3rzy aktywnie korzystaj\u0105 ze wskaza\u0144 analizy technicznej podczas podejmowania decyzji o zawarciu transakcji walutowej. Wykresy zamieszczone na naszej stronie daj\u0105 mo\u017cliwo\u015b\u0107 analizy rynku dla\u00a0wielu obszar\u00f3w czasowych, oraz korzystania ze sporej liczby wska\u017anik\u00f3w technicznych.<\/p>\n<p><a href=\"http:\/\/portal.dmkfutures.pl\/wp-content\/uploads\/2015\/03\/wykresy-portal1.jpg\"><img loading=\"lazy\" decoding=\"async\" class=\"alignnone size-medium wp-image-7757\" src=\"http:\/\/portal.dmkfutures.pl\/wp-content\/uploads\/2015\/03\/wykresy-portal1-300x159.jpg\" alt=\"wykresy - portal\" width=\"300\" height=\"159\" srcset=\"https:\/\/portal.dmkfutures.pl\/wp-content\/uploads\/2015\/03\/wykresy-portal1-300x159.jpg 300w, https:\/\/portal.dmkfutures.pl\/wp-content\/uploads\/2015\/03\/wykresy-portal1-1024x545.jpg 1024w, https:\/\/portal.dmkfutures.pl\/wp-content\/uploads\/2015\/03\/wykresy-portal1-940x500.jpg 940w, https:\/\/portal.dmkfutures.pl\/wp-content\/uploads\/2015\/03\/wykresy-portal1-620x330.jpg 620w, https:\/\/portal.dmkfutures.pl\/wp-content\/uploads\/2015\/03\/wykresy-portal1-195x103.jpg 195w, https:\/\/portal.dmkfutures.pl\/wp-content\/uploads\/2015\/03\/wykresy-portal1.jpg 1707w\" sizes=\"auto, (max-width: 300px) 100vw, 300px\" \/><\/a><\/p>\n<p>Osoby znaj\u0105ce nasze raporty wiedz\u0105, \u017ce bardzo cz\u0119sto odnosimy si\u0119 w nich do rynkowej sytuacji technicznej. Dzi\u0119ki dost\u0119powi do wykres\u00f3w, mo\u017cecie Pa\u0144stwo sami obserwowa\u0107 aktualn\u0105 sytuacj\u0119 na\u00a0rynku i reagowa\u0107 zgodnie z naszymi raportowymi sugestiami.<\/p>\n<p>Bardzo wa\u017cnym wska\u017anikiem o kt\u00f3rym cz\u0119sto wspominamy jest tzw. oscylator stochastyczny <em>(STOCHASTIC)<\/em>. Narz\u0119dzie to daje sygna\u0142y o wykupionym (g\u00f3rna cz\u0119\u015b\u0107 stawki \u2013 kolor zielony) i wyprzedanym rynku (dolna cz\u0119\u015b\u0107 wykresu \u2013 kolor \u017c\u00f3\u0142ty). Sygna\u0142y te s\u0105 pomocne w prognozowaniu dalszego rozwoju sytuacji rynkowej. Przyk\u0142adowo wskazanie wykupionego rynku daje wi\u0119ksze prawdopodobie\u0144stwo na spadek cen, poniewa\u017c zdecydowana wi\u0119kszo\u015b\u0107 uczestnik\u00f3w rynku, kt\u00f3ra by\u0142a zmuszona kupi\u0107 walut\u0119, ju\u017c to zrobi\u0142a. Oznacza to, \u017ce kupuj\u0105cych jest coraz mniej, a dodatkowo wysoka cena powoduje zwi\u0119kszenie ilo\u015bci sprzedaj\u0105cych, dlatego ceny raczej powinny spada\u0107.<\/p>\n<p>Nast\u0119pnym krokiem godnym polecenia osobom zainteresowanym technicznym analizowaniem rynku jest <em><strong>WIELOWYMIAROWA ANALIZA TECHNICZNA<\/strong><\/em>. Aby wy\u015bwietli\u0107 to menu nale\u017cy najecha\u0107 na podmenu <em><strong>INFORMACJE RYNKOWE<\/strong><\/em>, po prawej stronie wy\u015bwietli si\u0119 okienko m.in. z mo\u017cliwo\u015bci wyboru WAR.<\/p>\n<p>Wielowymiarowa Analiza Techniczna opiera si\u0119 na sprawdzeniu zale\u017cno\u015bci matematycznych pomi\u0119dzy wskazaniami kierunku na poszczeg\u00f3lnych parach walutowych. Aktualny kierunek na danym interwale dla ka\u017cdej pary jest okre\u015blany napisem BUY lub SELL ko\u0142o danej pary walutowej. Kolor oznacza si\u0142\u0119 trendu. W zale\u017cno\u015bci od si\u0142y trendu r\u00f3\u017cne powinny by\u0107 dzia\u0142ania osoby podejmuj\u0105cej transakcje.<\/p>\n<p><a href=\"http:\/\/portal.dmkfutures.pl\/wp-content\/uploads\/2015\/03\/WAR-porta.jpg\"><img loading=\"lazy\" decoding=\"async\" class=\"alignnone size-medium wp-image-7839\" src=\"http:\/\/portal.dmkfutures.pl\/wp-content\/uploads\/2015\/03\/WAR-porta-300x300.jpg\" alt=\"WAR - porta\" width=\"300\" height=\"300\" srcset=\"https:\/\/portal.dmkfutures.pl\/wp-content\/uploads\/2015\/03\/WAR-porta-300x300.jpg 300w, https:\/\/portal.dmkfutures.pl\/wp-content\/uploads\/2015\/03\/WAR-porta-150x150.jpg 150w, https:\/\/portal.dmkfutures.pl\/wp-content\/uploads\/2015\/03\/WAR-porta-620x620.jpg 620w, https:\/\/portal.dmkfutures.pl\/wp-content\/uploads\/2015\/03\/WAR-porta-195x195.jpg 195w, https:\/\/portal.dmkfutures.pl\/wp-content\/uploads\/2015\/03\/WAR-porta-130x130.jpg 130w, https:\/\/portal.dmkfutures.pl\/wp-content\/uploads\/2015\/03\/WAR-porta-70x70.jpg 70w, https:\/\/portal.dmkfutures.pl\/wp-content\/uploads\/2015\/03\/WAR-porta-45x45.jpg 45w, https:\/\/portal.dmkfutures.pl\/wp-content\/uploads\/2015\/03\/WAR-porta.jpg 745w\" sizes=\"auto, (max-width: 300px) 100vw, 300px\" \/><\/a><\/p>\n<p>Dodatkowo w wyniku uwzgl\u0119dnienia kierunk\u00f3w na wszystkich badanych parach powstaje ranking si\u0142y poszczeg\u00f3lnych walut. Im wy\u017csza liczba w danym rankingu, tym wi\u0119ksza si\u0142a danej waluty.<\/p>\n<p>M\u00f3wi\u0105c o portalu koniecznie nale\u017cy wspomnie\u0107 o naszej autorskiej aplikacji <strong><em>REPOZYTOR DMK<\/em><\/strong> (lub <strong><em>ANALIZTOR DMK<\/em><\/strong>). Jest to aplikacja (w formie nak\u0142adki na program <em>Microsoft Excel<\/em>), kt\u00f3ra umo\u017cliwiaj\u0105ca uzyskiwanie cen rynkowych w czasie rzeczywistym (zar\u00f3wno spot jak i na dowolny termin). Aplikacja ta pozwala r\u00f3wnie\u017c wyceni\u0107 dowolnie z\u0142o\u017cone strategie zabezpieczaj\u0105ce, oraz spekulacyjne. Wszystkie ceny o kt\u00f3rych tu wspomnia\u0142em po wpisaniu odpowiednich funkcji pojawiaj\u0105 si\u0119 w\u00a0kom\u00f3rkach <em>Excela<\/em>. W zak\u0142adce <em>REPOZYTOR<\/em> znajduje si\u0119 kr\u00f3tki film pokazuj\u0105cy mo\u017cliwo\u015bci tej aplikacji.<\/p>\n<p><a href=\"http:\/\/portal.dmkfutures.pl\/wp-content\/uploads\/2015\/03\/repozytor-dmk-portal.jpg\"><img loading=\"lazy\" decoding=\"async\" class=\"alignnone size-medium wp-image-7730\" src=\"http:\/\/portal.dmkfutures.pl\/wp-content\/uploads\/2015\/03\/repozytor-dmk-portal-300x260.jpg\" alt=\"repozytor dmk - portal\" width=\"300\" height=\"260\" srcset=\"https:\/\/portal.dmkfutures.pl\/wp-content\/uploads\/2015\/03\/repozytor-dmk-portal-300x260.jpg 300w, https:\/\/portal.dmkfutures.pl\/wp-content\/uploads\/2015\/03\/repozytor-dmk-portal-940x816.jpg 940w, https:\/\/portal.dmkfutures.pl\/wp-content\/uploads\/2015\/03\/repozytor-dmk-portal-620x538.jpg 620w, https:\/\/portal.dmkfutures.pl\/wp-content\/uploads\/2015\/03\/repozytor-dmk-portal-195x169.jpg 195w, https:\/\/portal.dmkfutures.pl\/wp-content\/uploads\/2015\/03\/repozytor-dmk-portal.jpg 984w\" sizes=\"auto, (max-width: 300px) 100vw, 300px\" \/><\/a><\/p>\n<p>Bezpo\u015bredni link do filmu:<\/p>\n<div class=\"themeblvd-video-wrapper\">\n<div class=\"video-inner\">\n<blockquote class=\"wp-embedded-content\" data-secret=\"7WQO616Rpg\"><p><a href=\"https:\/\/portal.dmkfutures.pl\/?page_id=5784\">Repozytor<\/a><\/p><\/blockquote>\n<p><iframe loading=\"lazy\" class=\"wp-embedded-content\" sandbox=\"allow-scripts\" security=\"restricted\" style=\"position: absolute; clip: rect(1px, 1px, 1px, 1px);\" title=\"&#8222;Repozytor&#8221; &#8212; DMK Portal\" src=\"https:\/\/portal.dmkfutures.pl\/?page_id=5784&#038;embed=true#?secret=HgZwbnbJg8#?secret=7WQO616Rpg\" data-secret=\"7WQO616Rpg\" width=\"500\" height=\"282\" frameborder=\"0\" marginwidth=\"0\" marginheight=\"0\" scrolling=\"no\"><\/iframe><\/div>\n<p><!-- .video-inner (end) --><\/div>\n<p><!-- .themeblvd-video-wrapper (end) --><\/p>\n<p>&nbsp;<\/p>\n<p>Ko\u0144cz\u0105c wycieczk\u0119 po portalu dmkfutures.pl warto rozszyfrowa\u0107 tajemniczo brzmi\u0105c\u0105 nazw\u0119 <strong><em>ACEMARKETU<\/em><\/strong>.<\/p>\n<p>Jest to serwis prowadzony przez Andrzeja Stefaniaka, czyli naszego Chief Dealer\u2019a. Mo\u017cna na nim znale\u017a\u0107 komentarze, oraz wykresy dotycz\u0105ce najnowszych wydarze\u0144 na rynku.<br \/>\nSzybko\u015b\u0107 pojawiania si\u0119 informacji na AceMarketU jest por\u00f3wnywalna z takimi serwisami jak Bloomberg czy Reuters.<\/p>\n<p><a href=\"http:\/\/portal.dmkfutures.pl\/wp-content\/uploads\/2015\/03\/AceMarketU-portal.jpg\"><img loading=\"lazy\" decoding=\"async\" class=\"alignnone size-medium wp-image-7731\" src=\"http:\/\/portal.dmkfutures.pl\/wp-content\/uploads\/2015\/03\/AceMarketU-portal-300x141.jpg\" alt=\"AceMarketU - portal\" width=\"300\" height=\"141\" srcset=\"https:\/\/portal.dmkfutures.pl\/wp-content\/uploads\/2015\/03\/AceMarketU-portal-300x141.jpg 300w, https:\/\/portal.dmkfutures.pl\/wp-content\/uploads\/2015\/03\/AceMarketU-portal-1024x481.jpg 1024w, https:\/\/portal.dmkfutures.pl\/wp-content\/uploads\/2015\/03\/AceMarketU-portal-940x441.jpg 940w, https:\/\/portal.dmkfutures.pl\/wp-content\/uploads\/2015\/03\/AceMarketU-portal-620x291.jpg 620w, https:\/\/portal.dmkfutures.pl\/wp-content\/uploads\/2015\/03\/AceMarketU-portal-195x91.jpg 195w, https:\/\/portal.dmkfutures.pl\/wp-content\/uploads\/2015\/03\/AceMarketU-portal.jpg 1089w\" sizes=\"auto, (max-width: 300px) 100vw, 300px\" \/><\/a><\/p>\n<p>&nbsp;<\/p>\n<p>Zach\u0119cam do zapoznania si\u0119 z reszt\u0119 mo\u017cliwo\u015bci portalu, jak r\u00f3wnie\u017c zapraszam do kontaktu w celu wyja\u015bnienia pojawiaj\u0105cych si\u0119 zastrze\u017ce\u0144 czy w\u0105tpliwo\u015bci.<\/p>\n<p>&nbsp;<\/p>\n<p><strong>Wojciech Zatora<br \/>\n<\/strong>Doradca ds. produkt\u00f3w skarbowych<br \/>\n+48 22 398 98 30<br \/>\n+48 795 529 404<br \/>\ne-mail: <a href=\"mailto:w.zatora@dmk-alpha.eu\">w.zatora@dmk-alpha.eu<\/a><\/p>\n<p>&nbsp;<\/p>\n<p>&nbsp;<\/p>\n","protected":false},"excerpt":{"rendered":"Szanowni U\u017cytkownicy! Sugestie naszych obecnych klient\u00f3w sprawi\u0142y \u017ce nasz serwis nieco si\u0119 zmieni\u0142, tak aby umo\u017cliwi\u0107 pe\u0142ne i efektywne zarz\u0105dzanie ryzykiem walutowym. Nowy interfejs gwarantuje prost\u0105 obs\u0142ug\u0119, oraz intuicyjny dost\u0119p do najwa\u017cniejszych danych! W dalszej cz\u0119\u015bci tego opracowania znajdziecie Pa\u0144stwo informacje o najwa\u017cniejszych funkcjach naszego portalu. Mam nadzieje, \u017ce to opracowanie oka\u017ce si\u0119 Pa\u0144stwu pomocne. [&hellip;]","protected":false},"author":21,"featured_media":0,"parent":0,"menu_order":0,"comment_status":"closed","ping_status":"open","template":"","meta":{"footnotes":""},"class_list":["post-7837","page","type-page","status-publish","hentry"],"_links":{"self":[{"href":"https:\/\/portal.dmkfutures.pl\/index.php?rest_route=\/wp\/v2\/pages\/7837","targetHints":{"allow":["GET"]}}],"collection":[{"href":"https:\/\/portal.dmkfutures.pl\/index.php?rest_route=\/wp\/v2\/pages"}],"about":[{"href":"https:\/\/portal.dmkfutures.pl\/index.php?rest_route=\/wp\/v2\/types\/page"}],"author":[{"embeddable":true,"href":"https:\/\/portal.dmkfutures.pl\/index.php?rest_route=\/wp\/v2\/users\/21"}],"replies":[{"embeddable":true,"href":"https:\/\/portal.dmkfutures.pl\/index.php?rest_route=%2Fwp%2Fv2%2Fcomments&post=7837"}],"version-history":[{"count":0,"href":"https:\/\/portal.dmkfutures.pl\/index.php?rest_route=\/wp\/v2\/pages\/7837\/revisions"}],"wp:attachment":[{"href":"https:\/\/portal.dmkfutures.pl\/index.php?rest_route=%2Fwp%2Fv2%2Fmedia&parent=7837"}],"curies":[{"name":"wp","href":"https:\/\/api.w.org\/{rel}","templated":true}]}}